{"id":161,"date":"2022-01-31T18:18:09","date_gmt":"2022-01-31T17:18:09","guid":{"rendered":"https:\/\/actualidadvalencia.com\/passejantvalencia\/?page_id=161"},"modified":"2022-07-07T18:32:53","modified_gmt":"2022-07-07T16:32:53","slug":"qui-som","status":"publish","type":"page","link":"https:\/\/actualidadvalencia.com\/passejantvalencia\/qui-som\/","title":{"rendered":"Qu\u00e8 \u00e9s \u201cPassejant Val\u00e8ncia amb ulls curiosos\u201d?"},"content":{"rendered":"\n<p>Si tens curiositat i inter\u00e8s per con\u00e8ixer la hist\u00f2ria antiga i recent de la ciutat de Val\u00e8ncia, sense dubtes aquesta \u00e9s la teua p\u00e0gina web.<\/p>\n\n\n\n<p>Una p\u00e0gina en la que pretenc donar a con\u00e8ixer, a trav\u00e9s de curts per\u00f2 ben documentats apunts, una multitud de fets, curiositats, an\u00e8cdotes, llegendes i una infinitat de coses que, probablement, algunes coneixer\u00e0s o et resultaran familiars, per\u00f2 potser altres et sorprendran i de segur avivaran el teu inter\u00e8s per con\u00e8ixer m\u00e9s sobre elles.<\/p>\n\n\n\n<p>Et convide a rec\u00f3rrer a trav\u00e9s de ella i a peu aquesta Val\u00e8ncia que al llarg de vint i dos segles d\u2019hist\u00f2ria ha estat romana, visigoda, musulmana, g\u00f2tica, barroca, renaixentista, modernista, republicana i tantes coses m\u00e9s, fins arribar a l\u2019actualitat, al segle XXI.<\/p>\n\n\n\n<p>Tants segles d\u2019hist\u00f2ria que estan reflectits en els seus fonaments i en una infinitat de xicotets i grans detalls als seus carrers, a les seues places, als seus edificis, en la seua gent\u2026 al seu cel sempre tan llumin\u00f3s.<\/p>\n\n\n\n<p>Passejant-la amb ulls curiosos l\u2019anir\u00e0s descobrint. Dona\u2019m aquesta oportunitat de fer-te-la con\u00e8ixer i no et penedir\u00e0s.<\/p>\n\n\n\n<figure class=\"wp-block-image size-full\"><img decoding=\"async\" src=\"https:\/\/actualidadvalencia.com\/passejantvalencia\/wp-content\/uploads\/2022\/01\/q0h-600x800-1.jpg\" alt=\"\" class=\"wp-image-162\"\/><\/figure>\n","protected":false},"excerpt":{"rendered":"<p>Si tens curiositat i inter\u00e8s per con\u00e8ixer la hist\u00f2ria antiga i recent de la ciutat de Val\u00e8ncia, sense dubtes aquesta \u00e9s la teua p\u00e0gina web. Una p\u00e0gina en la que pretenc donar a con\u00e8ixer, a trav\u00e9s de curts per\u00f2 ben documentats apunts, una multitud de fets, curiositats, an\u00e8cdotes, llegendes i una infinitat de coses que, [&hellip;]<\/p>\n","protected":false},"author":1,"featured_media":0,"parent":0,"menu_order":0,"comment_status":"closed","ping_status":"closed","template":"","meta":{"footnotes":""},"class_list":["post-161","page","type-page","status-publish"],"yoast_head":"<!-- This site is optimized with the Yoast SEO plugin v27.3 - https:\/\/yoast.com\/product\/yoast-seo-wordpress\/ -->\n<title>Qu\u00e8 \u00e9s \u201cPassejant Val\u00e8ncia amb ulls curiosos\u201d?<\/title>\n<meta name=\"description\" content=\"Si tens curiositat i inter\u00e8s per con\u00e8ixer la hist\u00f2ria antiga i recent de la ciutat de Val\u00e8ncia, sense dubtes aquesta \u00e9s la teua p\u00e0gina web. Una p\u00e0gina en\" \/>\n<meta name=\"robots\" content=\"index, follow, max-snippet:-1, max-image-preview:large, max-video-preview:-1\" \/>\n<link rel=\"canonical\" href=\"https:\/\/actualidadvalencia.com\/passejantvalencia\/qui-som\/\" \/>\n<meta property=\"og:locale\" content=\"ca_ES\" \/>\n<meta property=\"og:type\" content=\"article\" \/>\n<meta property=\"og:title\" content=\"Qu\u00e8 \u00e9s \u201cPassejant Val\u00e8ncia amb ulls curiosos\u201d?\" \/>\n<meta property=\"og:description\" content=\"Si tens curiositat i inter\u00e8s per con\u00e8ixer la hist\u00f2ria antiga i recent de la ciutat de Val\u00e8ncia, sense dubtes aquesta \u00e9s la teua p\u00e0gina web. Una p\u00e0gina en\" \/>\n<meta property=\"og:url\" content=\"https:\/\/actualidadvalencia.com\/passejantvalencia\/qui-som\/\" \/>\n<meta property=\"og:site_name\" content=\"Passejant Valencia\" \/>\n<meta property=\"article:publisher\" content=\"https:\/\/www.facebook.com\/passejantvalencia\" \/>\n<meta property=\"article:modified_time\" content=\"2022-07-07T16:32:53+00:00\" \/>\n<meta property=\"og:image\" content=\"https:\/\/actualidadvalencia.com\/passejantvalencia\/wp-content\/uploads\/2022\/01\/q0h-600x800-1.jpg\" \/>\n<meta name=\"twitter:card\" content=\"summary_large_image\" \/>\n<meta name=\"twitter:site\" content=\"@PassejantV\" \/>\n<meta name=\"twitter:label1\" content=\"Temps estimat de lectura\" \/>\n\t<meta name=\"twitter:data1\" content=\"2 minuts\" \/>\n<script type=\"application\/ld+json\" class=\"yoast-schema-graph\">{\"@context\":\"https:\\\/\\\/schema.org\",\"@graph\":[{\"@type\":\"ScholarlyArticle\",\"@id\":\"https:\\\/\\\/actualidadvalencia.com\\\/passejantvalencia\\\/qui-som\\\/#article\",\"isPartOf\":{\"@id\":\"https:\\\/\\\/actualidadvalencia.com\\\/passejantvalencia\\\/qui-som\\\/\"},\"author\":{\"name\":\"santiagocalaforra\",\"@id\":\"https:\\\/\\\/actualidadvalencia.com\\\/passejantvalencia\\\/#\\\/schema\\\/person\\\/52928b044e456b9879faa67fa52a88d1\"},\"headline\":\"Qu\u00e8 \u00e9s \u201cPassejant Val\u00e8ncia amb ulls curiosos\u201d?\",\"datePublished\":\"2022-01-31T17:18:09+00:00\",\"dateModified\":\"2022-07-07T16:32:53+00:00\",\"mainEntityOfPage\":{\"@id\":\"https:\\\/\\\/actualidadvalencia.com\\\/passejantvalencia\\\/qui-som\\\/\"},\"wordCount\":214,\"publisher\":{\"@id\":\"https:\\\/\\\/actualidadvalencia.com\\\/passejantvalencia\\\/#organization\"},\"image\":{\"@id\":\"https:\\\/\\\/actualidadvalencia.com\\\/passejantvalencia\\\/qui-som\\\/#primaryimage\"},\"thumbnailUrl\":\"https:\\\/\\\/actualidadvalencia.com\\\/passejantvalencia\\\/wp-content\\\/uploads\\\/2022\\\/01\\\/q0h-600x800-1.jpg\",\"inLanguage\":\"ca\"},{\"@type\":\"WebPage\",\"@id\":\"https:\\\/\\\/actualidadvalencia.com\\\/passejantvalencia\\\/qui-som\\\/\",\"url\":\"https:\\\/\\\/actualidadvalencia.com\\\/passejantvalencia\\\/qui-som\\\/\",\"name\":\"Qu\u00e8 \u00e9s \u201cPassejant Val\u00e8ncia amb ulls curiosos\u201d?\",\"isPartOf\":{\"@id\":\"https:\\\/\\\/actualidadvalencia.com\\\/passejantvalencia\\\/#website\"},\"primaryImageOfPage\":{\"@id\":\"https:\\\/\\\/actualidadvalencia.com\\\/passejantvalencia\\\/qui-som\\\/#primaryimage\"},\"image\":{\"@id\":\"https:\\\/\\\/actualidadvalencia.com\\\/passejantvalencia\\\/qui-som\\\/#primaryimage\"},\"thumbnailUrl\":\"https:\\\/\\\/actualidadvalencia.com\\\/passejantvalencia\\\/wp-content\\\/uploads\\\/2022\\\/01\\\/q0h-600x800-1.jpg\",\"datePublished\":\"2022-01-31T17:18:09+00:00\",\"dateModified\":\"2022-07-07T16:32:53+00:00\",\"description\":\"Si tens curiositat i inter\u00e8s per con\u00e8ixer la hist\u00f2ria antiga i recent de la ciutat de Val\u00e8ncia, sense dubtes aquesta \u00e9s la teua p\u00e0gina web. Una p\u00e0gina en\",\"breadcrumb\":{\"@id\":\"https:\\\/\\\/actualidadvalencia.com\\\/passejantvalencia\\\/qui-som\\\/#breadcrumb\"},\"inLanguage\":\"ca\",\"potentialAction\":[{\"@type\":\"ReadAction\",\"target\":[\"https:\\\/\\\/actualidadvalencia.com\\\/passejantvalencia\\\/qui-som\\\/\"]}]},{\"@type\":\"ImageObject\",\"inLanguage\":\"ca\",\"@id\":\"https:\\\/\\\/actualidadvalencia.com\\\/passejantvalencia\\\/qui-som\\\/#primaryimage\",\"url\":\"https:\\\/\\\/actualidadvalencia.com\\\/passejantvalencia\\\/wp-content\\\/uploads\\\/2022\\\/01\\\/q0h-600x800-1.jpg\",\"contentUrl\":\"https:\\\/\\\/actualidadvalencia.com\\\/passejantvalencia\\\/wp-content\\\/uploads\\\/2022\\\/01\\\/q0h-600x800-1.jpg\"},{\"@type\":\"BreadcrumbList\",\"@id\":\"https:\\\/\\\/actualidadvalencia.com\\\/passejantvalencia\\\/qui-som\\\/#breadcrumb\",\"itemListElement\":[{\"@type\":\"ListItem\",\"position\":1,\"name\":\"Inici\",\"item\":\"https:\\\/\\\/actualidadvalencia.com\\\/passejantvalencia\\\/\"},{\"@type\":\"ListItem\",\"position\":2,\"name\":\"Qu\u00e8 \u00e9s \u201cPassejant Val\u00e8ncia amb ulls curiosos\u201d?\"}]},{\"@type\":\"WebSite\",\"@id\":\"https:\\\/\\\/actualidadvalencia.com\\\/passejantvalencia\\\/#website\",\"url\":\"https:\\\/\\\/actualidadvalencia.com\\\/passejantvalencia\\\/\",\"name\":\"Passejant Valencia\",\"description\":\"M\u00e9s de dos mil\u00b7lennis d&#039;hist\u00f2ria de Val\u00e8ncia, explicats en curts apunts de manera amable per a gent curiosa\",\"publisher\":{\"@id\":\"https:\\\/\\\/actualidadvalencia.com\\\/passejantvalencia\\\/#organization\"},\"alternateName\":\"Una mirada per la Val\u00e8ncia antiga\",\"potentialAction\":[{\"@type\":\"SearchAction\",\"target\":{\"@type\":\"EntryPoint\",\"urlTemplate\":\"https:\\\/\\\/actualidadvalencia.com\\\/passejantvalencia\\\/?s={search_term_string}\"},\"query-input\":{\"@type\":\"PropertyValueSpecification\",\"valueRequired\":true,\"valueName\":\"search_term_string\"}}],\"inLanguage\":\"ca\"},{\"@type\":\"Organization\",\"@id\":\"https:\\\/\\\/actualidadvalencia.com\\\/passejantvalencia\\\/#organization\",\"name\":\"Passejant Val\u00e8ncia amb ulls curiosos\",\"url\":\"https:\\\/\\\/actualidadvalencia.com\\\/passejantvalencia\\\/\",\"logo\":{\"@type\":\"ImageObject\",\"inLanguage\":\"ca\",\"@id\":\"https:\\\/\\\/actualidadvalencia.com\\\/passejantvalencia\\\/#\\\/schema\\\/logo\\\/image\\\/\",\"url\":\"https:\\\/\\\/actualidadvalencia.com\\\/passejantvalencia\\\/wp-content\\\/uploads\\\/2018\\\/05\\\/Fondo-facebook.png\",\"contentUrl\":\"https:\\\/\\\/actualidadvalencia.com\\\/passejantvalencia\\\/wp-content\\\/uploads\\\/2018\\\/05\\\/Fondo-facebook.png\",\"width\":1024,\"height\":539,\"caption\":\"Passejant Val\u00e8ncia amb ulls curiosos\"},\"image\":{\"@id\":\"https:\\\/\\\/actualidadvalencia.com\\\/passejantvalencia\\\/#\\\/schema\\\/logo\\\/image\\\/\"},\"sameAs\":[\"https:\\\/\\\/www.facebook.com\\\/passejantvalencia\",\"https:\\\/\\\/x.com\\\/PassejantV\"]},{\"@type\":\"Person\",\"@id\":\"https:\\\/\\\/actualidadvalencia.com\\\/passejantvalencia\\\/#\\\/schema\\\/person\\\/52928b044e456b9879faa67fa52a88d1\",\"name\":\"santiagocalaforra\",\"image\":{\"@type\":\"ImageObject\",\"inLanguage\":\"ca\",\"@id\":\"https:\\\/\\\/secure.gravatar.com\\\/avatar\\\/67a6c6c027b3e410b781882863f3c496310e853f9268758d826cbfcf4b8ba1b1?s=96&d=mm&r=g\",\"url\":\"https:\\\/\\\/secure.gravatar.com\\\/avatar\\\/67a6c6c027b3e410b781882863f3c496310e853f9268758d826cbfcf4b8ba1b1?s=96&d=mm&r=g\",\"contentUrl\":\"https:\\\/\\\/secure.gravatar.com\\\/avatar\\\/67a6c6c027b3e410b781882863f3c496310e853f9268758d826cbfcf4b8ba1b1?s=96&d=mm&r=g\",\"caption\":\"santiagocalaforra\"},\"sameAs\":[\"https:\\\/\\\/actualidadvalencia.com\\\/passejant\"]}]}<\/script>\n<!-- \/ Yoast SEO plugin. -->","yoast_head_json":{"title":"Qu\u00e8 \u00e9s \u201cPassejant Val\u00e8ncia amb ulls curiosos\u201d?","description":"Si tens curiositat i inter\u00e8s per con\u00e8ixer la hist\u00f2ria antiga i recent de la ciutat de Val\u00e8ncia, sense dubtes aquesta \u00e9s la teua p\u00e0gina web. Una p\u00e0gina en","robots":{"index":"index","follow":"follow","max-snippet":"max-snippet:-1","max-image-preview":"max-image-preview:large","max-video-preview":"max-video-preview:-1"},"canonical":"https:\/\/actualidadvalencia.com\/passejantvalencia\/qui-som\/","og_locale":"ca_ES","og_type":"article","og_title":"Qu\u00e8 \u00e9s \u201cPassejant Val\u00e8ncia amb ulls curiosos\u201d?","og_description":"Si tens curiositat i inter\u00e8s per con\u00e8ixer la hist\u00f2ria antiga i recent de la ciutat de Val\u00e8ncia, sense dubtes aquesta \u00e9s la teua p\u00e0gina web. Una p\u00e0gina en","og_url":"https:\/\/actualidadvalencia.com\/passejantvalencia\/qui-som\/","og_site_name":"Passejant Valencia","article_publisher":"https:\/\/www.facebook.com\/passejantvalencia","article_modified_time":"2022-07-07T16:32:53+00:00","og_image":[{"url":"https:\/\/actualidadvalencia.com\/passejantvalencia\/wp-content\/uploads\/2022\/01\/q0h-600x800-1.jpg","type":"","width":"","height":""}],"twitter_card":"summary_large_image","twitter_site":"@PassejantV","twitter_misc":{"Temps estimat de lectura":"2 minuts"},"schema":{"@context":"https:\/\/schema.org","@graph":[{"@type":"ScholarlyArticle","@id":"https:\/\/actualidadvalencia.com\/passejantvalencia\/qui-som\/#article","isPartOf":{"@id":"https:\/\/actualidadvalencia.com\/passejantvalencia\/qui-som\/"},"author":{"name":"santiagocalaforra","@id":"https:\/\/actualidadvalencia.com\/passejantvalencia\/#\/schema\/person\/52928b044e456b9879faa67fa52a88d1"},"headline":"Qu\u00e8 \u00e9s \u201cPassejant Val\u00e8ncia amb ulls curiosos\u201d?","datePublished":"2022-01-31T17:18:09+00:00","dateModified":"2022-07-07T16:32:53+00:00","mainEntityOfPage":{"@id":"https:\/\/actualidadvalencia.com\/passejantvalencia\/qui-som\/"},"wordCount":214,"publisher":{"@id":"https:\/\/actualidadvalencia.com\/passejantvalencia\/#organization"},"image":{"@id":"https:\/\/actualidadvalencia.com\/passejantvalencia\/qui-som\/#primaryimage"},"thumbnailUrl":"https:\/\/actualidadvalencia.com\/passejantvalencia\/wp-content\/uploads\/2022\/01\/q0h-600x800-1.jpg","inLanguage":"ca"},{"@type":"WebPage","@id":"https:\/\/actualidadvalencia.com\/passejantvalencia\/qui-som\/","url":"https:\/\/actualidadvalencia.com\/passejantvalencia\/qui-som\/","name":"Qu\u00e8 \u00e9s \u201cPassejant Val\u00e8ncia amb ulls curiosos\u201d?","isPartOf":{"@id":"https:\/\/actualidadvalencia.com\/passejantvalencia\/#website"},"primaryImageOfPage":{"@id":"https:\/\/actualidadvalencia.com\/passejantvalencia\/qui-som\/#primaryimage"},"image":{"@id":"https:\/\/actualidadvalencia.com\/passejantvalencia\/qui-som\/#primaryimage"},"thumbnailUrl":"https:\/\/actualidadvalencia.com\/passejantvalencia\/wp-content\/uploads\/2022\/01\/q0h-600x800-1.jpg","datePublished":"2022-01-31T17:18:09+00:00","dateModified":"2022-07-07T16:32:53+00:00","description":"Si tens curiositat i inter\u00e8s per con\u00e8ixer la hist\u00f2ria antiga i recent de la ciutat de Val\u00e8ncia, sense dubtes aquesta \u00e9s la teua p\u00e0gina web. Una p\u00e0gina en","breadcrumb":{"@id":"https:\/\/actualidadvalencia.com\/passejantvalencia\/qui-som\/#breadcrumb"},"inLanguage":"ca","potentialAction":[{"@type":"ReadAction","target":["https:\/\/actualidadvalencia.com\/passejantvalencia\/qui-som\/"]}]},{"@type":"ImageObject","inLanguage":"ca","@id":"https:\/\/actualidadvalencia.com\/passejantvalencia\/qui-som\/#primaryimage","url":"https:\/\/actualidadvalencia.com\/passejantvalencia\/wp-content\/uploads\/2022\/01\/q0h-600x800-1.jpg","contentUrl":"https:\/\/actualidadvalencia.com\/passejantvalencia\/wp-content\/uploads\/2022\/01\/q0h-600x800-1.jpg"},{"@type":"BreadcrumbList","@id":"https:\/\/actualidadvalencia.com\/passejantvalencia\/qui-som\/#breadcrumb","itemListElement":[{"@type":"ListItem","position":1,"name":"Inici","item":"https:\/\/actualidadvalencia.com\/passejantvalencia\/"},{"@type":"ListItem","position":2,"name":"Qu\u00e8 \u00e9s \u201cPassejant Val\u00e8ncia amb ulls curiosos\u201d?"}]},{"@type":"WebSite","@id":"https:\/\/actualidadvalencia.com\/passejantvalencia\/#website","url":"https:\/\/actualidadvalencia.com\/passejantvalencia\/","name":"Passejant Valencia","description":"M\u00e9s de dos mil\u00b7lennis d&#039;hist\u00f2ria de Val\u00e8ncia, explicats en curts apunts de manera amable per a gent curiosa","publisher":{"@id":"https:\/\/actualidadvalencia.com\/passejantvalencia\/#organization"},"alternateName":"Una mirada per la Val\u00e8ncia antiga","potentialAction":[{"@type":"SearchAction","target":{"@type":"EntryPoint","urlTemplate":"https:\/\/actualidadvalencia.com\/passejantvalencia\/?s={search_term_string}"},"query-input":{"@type":"PropertyValueSpecification","valueRequired":true,"valueName":"search_term_string"}}],"inLanguage":"ca"},{"@type":"Organization","@id":"https:\/\/actualidadvalencia.com\/passejantvalencia\/#organization","name":"Passejant Val\u00e8ncia amb ulls curiosos","url":"https:\/\/actualidadvalencia.com\/passejantvalencia\/","logo":{"@type":"ImageObject","inLanguage":"ca","@id":"https:\/\/actualidadvalencia.com\/passejantvalencia\/#\/schema\/logo\/image\/","url":"https:\/\/actualidadvalencia.com\/passejantvalencia\/wp-content\/uploads\/2018\/05\/Fondo-facebook.png","contentUrl":"https:\/\/actualidadvalencia.com\/passejantvalencia\/wp-content\/uploads\/2018\/05\/Fondo-facebook.png","width":1024,"height":539,"caption":"Passejant Val\u00e8ncia amb ulls curiosos"},"image":{"@id":"https:\/\/actualidadvalencia.com\/passejantvalencia\/#\/schema\/logo\/image\/"},"sameAs":["https:\/\/www.facebook.com\/passejantvalencia","https:\/\/x.com\/PassejantV"]},{"@type":"Person","@id":"https:\/\/actualidadvalencia.com\/passejantvalencia\/#\/schema\/person\/52928b044e456b9879faa67fa52a88d1","name":"santiagocalaforra","image":{"@type":"ImageObject","inLanguage":"ca","@id":"https:\/\/secure.gravatar.com\/avatar\/67a6c6c027b3e410b781882863f3c496310e853f9268758d826cbfcf4b8ba1b1?s=96&d=mm&r=g","url":"https:\/\/secure.gravatar.com\/avatar\/67a6c6c027b3e410b781882863f3c496310e853f9268758d826cbfcf4b8ba1b1?s=96&d=mm&r=g","contentUrl":"https:\/\/secure.gravatar.com\/avatar\/67a6c6c027b3e410b781882863f3c496310e853f9268758d826cbfcf4b8ba1b1?s=96&d=mm&r=g","caption":"santiagocalaforra"},"sameAs":["https:\/\/actualidadvalencia.com\/passejant"]}]}},"_links":{"self":[{"href":"https:\/\/actualidadvalencia.com\/passejantvalencia\/wp-json\/wp\/v2\/pages\/161","targetHints":{"allow":["GET"]}}],"collection":[{"href":"https:\/\/actualidadvalencia.com\/passejantvalencia\/wp-json\/wp\/v2\/pages"}],"about":[{"href":"https:\/\/actualidadvalencia.com\/passejantvalencia\/wp-json\/wp\/v2\/types\/page"}],"author":[{"embeddable":true,"href":"https:\/\/actualidadvalencia.com\/passejantvalencia\/wp-json\/wp\/v2\/users\/1"}],"replies":[{"embeddable":true,"href":"https:\/\/actualidadvalencia.com\/passejantvalencia\/wp-json\/wp\/v2\/comments?post=161"}],"version-history":[{"count":2,"href":"https:\/\/actualidadvalencia.com\/passejantvalencia\/wp-json\/wp\/v2\/pages\/161\/revisions"}],"predecessor-version":[{"id":187080,"href":"https:\/\/actualidadvalencia.com\/passejantvalencia\/wp-json\/wp\/v2\/pages\/161\/revisions\/187080"}],"wp:attachment":[{"href":"https:\/\/actualidadvalencia.com\/passejantvalencia\/wp-json\/wp\/v2\/media?parent=161"}],"curies":[{"name":"wp","href":"https:\/\/api.w.org\/{rel}","templated":true}]}}