{"id":164,"date":"2022-01-31T18:19:14","date_gmt":"2022-01-31T17:19:14","guid":{"rendered":"https:\/\/actualidadvalencia.com\/passejantvalencia\/?page_id=164"},"modified":"2022-01-31T18:19:15","modified_gmt":"2022-01-31T17:19:15","slug":"contacte","status":"publish","type":"page","link":"https:\/\/actualidadvalencia.com\/passejantvalencia\/contacte\/","title":{"rendered":"Contacte"},"content":{"rendered":"\n<p>Qualsevol idea o sugeriment ser\u00e0 ben rebut\u2026<\/p>\n\n\n\n<p>Hi ha temes que trobar\u00e0s en la xarxa social i no a la web, aix\u00f2 \u00e9s perqu\u00e9 en un principi nom\u00e9s publicava des del Facebook\u2026<\/p>\n","protected":false},"excerpt":{"rendered":"<p>Qualsevol idea o sugeriment ser\u00e0 ben rebut\u2026 Hi ha temes que trobar\u00e0s en la xarxa social i no a la web, aix\u00f2 \u00e9s perqu\u00e9 en un principi nom\u00e9s publicava des del Facebook\u2026<\/p>\n","protected":false},"author":1,"featured_media":0,"parent":0,"menu_order":0,"comment_status":"closed","ping_status":"closed","template":"","meta":{"footnotes":""},"class_list":["post-164","page","type-page","status-publish"],"yoast_head":"<!-- This site is optimized with the Yoast SEO plugin v27.3 - https:\/\/yoast.com\/product\/yoast-seo-wordpress\/ -->\n<title>Contacte<\/title>\n<meta name=\"description\" content=\"Qualsevol idea o sugeriment ser\u00e0 ben rebut\u2026 Hi ha temes que trobar\u00e0s en la xarxa social i no a la web, aix\u00f2 \u00e9s perqu\u00e9 en un principi nom\u00e9s publicava des\" \/>\n<meta name=\"robots\" content=\"index, follow, max-snippet:-1, max-image-preview:large, max-video-preview:-1\" \/>\n<link rel=\"canonical\" href=\"https:\/\/actualidadvalencia.com\/passejantvalencia\/contacte\/\" \/>\n<meta property=\"og:locale\" content=\"ca_ES\" \/>\n<meta property=\"og:type\" content=\"article\" \/>\n<meta property=\"og:title\" content=\"Contacte\" \/>\n<meta property=\"og:description\" content=\"Qualsevol idea o sugeriment ser\u00e0 ben rebut\u2026 Hi ha temes que trobar\u00e0s en la xarxa social i no a la web, aix\u00f2 \u00e9s perqu\u00e9 en un principi nom\u00e9s publicava des\" \/>\n<meta property=\"og:url\" content=\"https:\/\/actualidadvalencia.com\/passejantvalencia\/contacte\/\" \/>\n<meta property=\"og:site_name\" content=\"Passejant Valencia\" \/>\n<meta property=\"article:publisher\" content=\"https:\/\/www.facebook.com\/passejantvalencia\" \/>\n<meta property=\"article:modified_time\" content=\"2022-01-31T17:19:15+00:00\" \/>\n<meta property=\"og:image\" content=\"https:\/\/actualidadvalencia.com\/passejantvalencia\/wp-content\/uploads\/2018\/05\/Fondo-facebook.png\" \/>\n\t<meta property=\"og:image:width\" content=\"1024\" \/>\n\t<meta property=\"og:image:height\" content=\"539\" \/>\n\t<meta property=\"og:image:type\" content=\"image\/png\" \/>\n<meta name=\"twitter:card\" content=\"summary_large_image\" \/>\n<meta name=\"twitter:site\" content=\"@PassejantV\" \/>\n<meta name=\"twitter:label1\" content=\"Temps estimat de lectura\" \/>\n\t<meta name=\"twitter:data1\" content=\"1 minut\" \/>\n<script type=\"application\/ld+json\" class=\"yoast-schema-graph\">{\"@context\":\"https:\\\/\\\/schema.org\",\"@graph\":[{\"@type\":\"ScholarlyArticle\",\"@id\":\"https:\\\/\\\/actualidadvalencia.com\\\/passejantvalencia\\\/contacte\\\/#article\",\"isPartOf\":{\"@id\":\"https:\\\/\\\/actualidadvalencia.com\\\/passejantvalencia\\\/contacte\\\/\"},\"author\":{\"name\":\"santiagocalaforra\",\"@id\":\"https:\\\/\\\/actualidadvalencia.com\\\/passejantvalencia\\\/#\\\/schema\\\/person\\\/52928b044e456b9879faa67fa52a88d1\"},\"headline\":\"Contacte\",\"datePublished\":\"2022-01-31T17:19:14+00:00\",\"dateModified\":\"2022-01-31T17:19:15+00:00\",\"mainEntityOfPage\":{\"@id\":\"https:\\\/\\\/actualidadvalencia.com\\\/passejantvalencia\\\/contacte\\\/\"},\"wordCount\":35,\"publisher\":{\"@id\":\"https:\\\/\\\/actualidadvalencia.com\\\/passejantvalencia\\\/#organization\"},\"inLanguage\":\"ca\"},{\"@type\":\"WebPage\",\"@id\":\"https:\\\/\\\/actualidadvalencia.com\\\/passejantvalencia\\\/contacte\\\/\",\"url\":\"https:\\\/\\\/actualidadvalencia.com\\\/passejantvalencia\\\/contacte\\\/\",\"name\":\"Contacte\",\"isPartOf\":{\"@id\":\"https:\\\/\\\/actualidadvalencia.com\\\/passejantvalencia\\\/#website\"},\"datePublished\":\"2022-01-31T17:19:14+00:00\",\"dateModified\":\"2022-01-31T17:19:15+00:00\",\"description\":\"Qualsevol idea o sugeriment ser\u00e0 ben rebut\u2026 Hi ha temes que trobar\u00e0s en la xarxa social i no a la web, aix\u00f2 \u00e9s perqu\u00e9 en un principi nom\u00e9s publicava des\",\"breadcrumb\":{\"@id\":\"https:\\\/\\\/actualidadvalencia.com\\\/passejantvalencia\\\/contacte\\\/#breadcrumb\"},\"inLanguage\":\"ca\",\"potentialAction\":[{\"@type\":\"ReadAction\",\"target\":[\"https:\\\/\\\/actualidadvalencia.com\\\/passejantvalencia\\\/contacte\\\/\"]}]},{\"@type\":\"BreadcrumbList\",\"@id\":\"https:\\\/\\\/actualidadvalencia.com\\\/passejantvalencia\\\/contacte\\\/#breadcrumb\",\"itemListElement\":[{\"@type\":\"ListItem\",\"position\":1,\"name\":\"Inici\",\"item\":\"https:\\\/\\\/actualidadvalencia.com\\\/passejantvalencia\\\/\"},{\"@type\":\"ListItem\",\"position\":2,\"name\":\"Contacte\"}]},{\"@type\":\"WebSite\",\"@id\":\"https:\\\/\\\/actualidadvalencia.com\\\/passejantvalencia\\\/#website\",\"url\":\"https:\\\/\\\/actualidadvalencia.com\\\/passejantvalencia\\\/\",\"name\":\"Passejant Valencia\",\"description\":\"M\u00e9s de dos mil\u00b7lennis d&#039;hist\u00f2ria de Val\u00e8ncia, explicats en curts apunts de manera amable per a gent curiosa\",\"publisher\":{\"@id\":\"https:\\\/\\\/actualidadvalencia.com\\\/passejantvalencia\\\/#organization\"},\"alternateName\":\"Una mirada per la Val\u00e8ncia antiga\",\"potentialAction\":[{\"@type\":\"SearchAction\",\"target\":{\"@type\":\"EntryPoint\",\"urlTemplate\":\"https:\\\/\\\/actualidadvalencia.com\\\/passejantvalencia\\\/?s={search_term_string}\"},\"query-input\":{\"@type\":\"PropertyValueSpecification\",\"valueRequired\":true,\"valueName\":\"search_term_string\"}}],\"inLanguage\":\"ca\"},{\"@type\":\"Organization\",\"@id\":\"https:\\\/\\\/actualidadvalencia.com\\\/passejantvalencia\\\/#organization\",\"name\":\"Passejant Val\u00e8ncia amb ulls curiosos\",\"url\":\"https:\\\/\\\/actualidadvalencia.com\\\/passejantvalencia\\\/\",\"logo\":{\"@type\":\"ImageObject\",\"inLanguage\":\"ca\",\"@id\":\"https:\\\/\\\/actualidadvalencia.com\\\/passejantvalencia\\\/#\\\/schema\\\/logo\\\/image\\\/\",\"url\":\"https:\\\/\\\/actualidadvalencia.com\\\/passejantvalencia\\\/wp-content\\\/uploads\\\/2018\\\/05\\\/Fondo-facebook.png\",\"contentUrl\":\"https:\\\/\\\/actualidadvalencia.com\\\/passejantvalencia\\\/wp-content\\\/uploads\\\/2018\\\/05\\\/Fondo-facebook.png\",\"width\":1024,\"height\":539,\"caption\":\"Passejant Val\u00e8ncia amb ulls curiosos\"},\"image\":{\"@id\":\"https:\\\/\\\/actualidadvalencia.com\\\/passejantvalencia\\\/#\\\/schema\\\/logo\\\/image\\\/\"},\"sameAs\":[\"https:\\\/\\\/www.facebook.com\\\/passejantvalencia\",\"https:\\\/\\\/x.com\\\/PassejantV\"]},{\"@type\":\"Person\",\"@id\":\"https:\\\/\\\/actualidadvalencia.com\\\/passejantvalencia\\\/#\\\/schema\\\/person\\\/52928b044e456b9879faa67fa52a88d1\",\"name\":\"santiagocalaforra\",\"image\":{\"@type\":\"ImageObject\",\"inLanguage\":\"ca\",\"@id\":\"https:\\\/\\\/secure.gravatar.com\\\/avatar\\\/67a6c6c027b3e410b781882863f3c496310e853f9268758d826cbfcf4b8ba1b1?s=96&d=mm&r=g\",\"url\":\"https:\\\/\\\/secure.gravatar.com\\\/avatar\\\/67a6c6c027b3e410b781882863f3c496310e853f9268758d826cbfcf4b8ba1b1?s=96&d=mm&r=g\",\"contentUrl\":\"https:\\\/\\\/secure.gravatar.com\\\/avatar\\\/67a6c6c027b3e410b781882863f3c496310e853f9268758d826cbfcf4b8ba1b1?s=96&d=mm&r=g\",\"caption\":\"santiagocalaforra\"},\"sameAs\":[\"https:\\\/\\\/actualidadvalencia.com\\\/passejant\"]}]}<\/script>\n<!-- \/ Yoast SEO plugin. -->","yoast_head_json":{"title":"Contacte","description":"Qualsevol idea o sugeriment ser\u00e0 ben rebut\u2026 Hi ha temes que trobar\u00e0s en la xarxa social i no a la web, aix\u00f2 \u00e9s perqu\u00e9 en un principi nom\u00e9s publicava des","robots":{"index":"index","follow":"follow","max-snippet":"max-snippet:-1","max-image-preview":"max-image-preview:large","max-video-preview":"max-video-preview:-1"},"canonical":"https:\/\/actualidadvalencia.com\/passejantvalencia\/contacte\/","og_locale":"ca_ES","og_type":"article","og_title":"Contacte","og_description":"Qualsevol idea o sugeriment ser\u00e0 ben rebut\u2026 Hi ha temes que trobar\u00e0s en la xarxa social i no a la web, aix\u00f2 \u00e9s perqu\u00e9 en un principi nom\u00e9s publicava des","og_url":"https:\/\/actualidadvalencia.com\/passejantvalencia\/contacte\/","og_site_name":"Passejant Valencia","article_publisher":"https:\/\/www.facebook.com\/passejantvalencia","article_modified_time":"2022-01-31T17:19:15+00:00","og_image":[{"width":1024,"height":539,"url":"https:\/\/actualidadvalencia.com\/passejantvalencia\/wp-content\/uploads\/2018\/05\/Fondo-facebook.png","type":"image\/png"}],"twitter_card":"summary_large_image","twitter_site":"@PassejantV","twitter_misc":{"Temps estimat de lectura":"1 minut"},"schema":{"@context":"https:\/\/schema.org","@graph":[{"@type":"ScholarlyArticle","@id":"https:\/\/actualidadvalencia.com\/passejantvalencia\/contacte\/#article","isPartOf":{"@id":"https:\/\/actualidadvalencia.com\/passejantvalencia\/contacte\/"},"author":{"name":"santiagocalaforra","@id":"https:\/\/actualidadvalencia.com\/passejantvalencia\/#\/schema\/person\/52928b044e456b9879faa67fa52a88d1"},"headline":"Contacte","datePublished":"2022-01-31T17:19:14+00:00","dateModified":"2022-01-31T17:19:15+00:00","mainEntityOfPage":{"@id":"https:\/\/actualidadvalencia.com\/passejantvalencia\/contacte\/"},"wordCount":35,"publisher":{"@id":"https:\/\/actualidadvalencia.com\/passejantvalencia\/#organization"},"inLanguage":"ca"},{"@type":"WebPage","@id":"https:\/\/actualidadvalencia.com\/passejantvalencia\/contacte\/","url":"https:\/\/actualidadvalencia.com\/passejantvalencia\/contacte\/","name":"Contacte","isPartOf":{"@id":"https:\/\/actualidadvalencia.com\/passejantvalencia\/#website"},"datePublished":"2022-01-31T17:19:14+00:00","dateModified":"2022-01-31T17:19:15+00:00","description":"Qualsevol idea o sugeriment ser\u00e0 ben rebut\u2026 Hi ha temes que trobar\u00e0s en la xarxa social i no a la web, aix\u00f2 \u00e9s perqu\u00e9 en un principi nom\u00e9s publicava des","breadcrumb":{"@id":"https:\/\/actualidadvalencia.com\/passejantvalencia\/contacte\/#breadcrumb"},"inLanguage":"ca","potentialAction":[{"@type":"ReadAction","target":["https:\/\/actualidadvalencia.com\/passejantvalencia\/contacte\/"]}]},{"@type":"BreadcrumbList","@id":"https:\/\/actualidadvalencia.com\/passejantvalencia\/contacte\/#breadcrumb","itemListElement":[{"@type":"ListItem","position":1,"name":"Inici","item":"https:\/\/actualidadvalencia.com\/passejantvalencia\/"},{"@type":"ListItem","position":2,"name":"Contacte"}]},{"@type":"WebSite","@id":"https:\/\/actualidadvalencia.com\/passejantvalencia\/#website","url":"https:\/\/actualidadvalencia.com\/passejantvalencia\/","name":"Passejant Valencia","description":"M\u00e9s de dos mil\u00b7lennis d&#039;hist\u00f2ria de Val\u00e8ncia, explicats en curts apunts de manera amable per a gent curiosa","publisher":{"@id":"https:\/\/actualidadvalencia.com\/passejantvalencia\/#organization"},"alternateName":"Una mirada per la Val\u00e8ncia antiga","potentialAction":[{"@type":"SearchAction","target":{"@type":"EntryPoint","urlTemplate":"https:\/\/actualidadvalencia.com\/passejantvalencia\/?s={search_term_string}"},"query-input":{"@type":"PropertyValueSpecification","valueRequired":true,"valueName":"search_term_string"}}],"inLanguage":"ca"},{"@type":"Organization","@id":"https:\/\/actualidadvalencia.com\/passejantvalencia\/#organization","name":"Passejant Val\u00e8ncia amb ulls curiosos","url":"https:\/\/actualidadvalencia.com\/passejantvalencia\/","logo":{"@type":"ImageObject","inLanguage":"ca","@id":"https:\/\/actualidadvalencia.com\/passejantvalencia\/#\/schema\/logo\/image\/","url":"https:\/\/actualidadvalencia.com\/passejantvalencia\/wp-content\/uploads\/2018\/05\/Fondo-facebook.png","contentUrl":"https:\/\/actualidadvalencia.com\/passejantvalencia\/wp-content\/uploads\/2018\/05\/Fondo-facebook.png","width":1024,"height":539,"caption":"Passejant Val\u00e8ncia amb ulls curiosos"},"image":{"@id":"https:\/\/actualidadvalencia.com\/passejantvalencia\/#\/schema\/logo\/image\/"},"sameAs":["https:\/\/www.facebook.com\/passejantvalencia","https:\/\/x.com\/PassejantV"]},{"@type":"Person","@id":"https:\/\/actualidadvalencia.com\/passejantvalencia\/#\/schema\/person\/52928b044e456b9879faa67fa52a88d1","name":"santiagocalaforra","image":{"@type":"ImageObject","inLanguage":"ca","@id":"https:\/\/secure.gravatar.com\/avatar\/67a6c6c027b3e410b781882863f3c496310e853f9268758d826cbfcf4b8ba1b1?s=96&d=mm&r=g","url":"https:\/\/secure.gravatar.com\/avatar\/67a6c6c027b3e410b781882863f3c496310e853f9268758d826cbfcf4b8ba1b1?s=96&d=mm&r=g","contentUrl":"https:\/\/secure.gravatar.com\/avatar\/67a6c6c027b3e410b781882863f3c496310e853f9268758d826cbfcf4b8ba1b1?s=96&d=mm&r=g","caption":"santiagocalaforra"},"sameAs":["https:\/\/actualidadvalencia.com\/passejant"]}]}},"_links":{"self":[{"href":"https:\/\/actualidadvalencia.com\/passejantvalencia\/wp-json\/wp\/v2\/pages\/164","targetHints":{"allow":["GET"]}}],"collection":[{"href":"https:\/\/actualidadvalencia.com\/passejantvalencia\/wp-json\/wp\/v2\/pages"}],"about":[{"href":"https:\/\/actualidadvalencia.com\/passejantvalencia\/wp-json\/wp\/v2\/types\/page"}],"author":[{"embeddable":true,"href":"https:\/\/actualidadvalencia.com\/passejantvalencia\/wp-json\/wp\/v2\/users\/1"}],"replies":[{"embeddable":true,"href":"https:\/\/actualidadvalencia.com\/passejantvalencia\/wp-json\/wp\/v2\/comments?post=164"}],"version-history":[{"count":1,"href":"https:\/\/actualidadvalencia.com\/passejantvalencia\/wp-json\/wp\/v2\/pages\/164\/revisions"}],"predecessor-version":[{"id":165,"href":"https:\/\/actualidadvalencia.com\/passejantvalencia\/wp-json\/wp\/v2\/pages\/164\/revisions\/165"}],"wp:attachment":[{"href":"https:\/\/actualidadvalencia.com\/passejantvalencia\/wp-json\/wp\/v2\/media?parent=164"}],"curies":[{"name":"wp","href":"https:\/\/api.w.org\/{rel}","templated":true}]}}