{"id":3,"date":"2022-01-11T09:13:23","date_gmt":"2022-01-11T09:13:23","guid":{"rendered":"https:\/\/actualidadvalencia.com\/passejantvalencia\/?page_id=3"},"modified":"2022-07-29T11:12:14","modified_gmt":"2022-07-29T09:12:14","slug":"privacitat","status":"publish","type":"page","link":"https:\/\/actualidadvalencia.com\/passejantvalencia\/privacitat\/","title":{"rendered":"Pol\u00edtica de privacitat"},"content":{"rendered":"\n<p>En compliment del que preveu la normativa vigent de protecci\u00f3 de dades personals, GRUPO CALAFORRA MEDIA SLU, amb domicili a c\/ Ruiz Zorrilla 2 (12001)&nbsp;&nbsp; (&#8220;<strong>actualidadvalencia.com<\/strong>&#8220;) li informa que les dades de car\u00e0cter personal que ens proporcioni, o a les que <strong>actualidadvalencia.com<\/strong> accedeixi com a conseq\u00fc\u00e8ncia de la seva navegaci\u00f3 a trav\u00e9s de la p\u00e0gina web<a href=\"http:\/\/actualidadvalencia.com\" target=\"_blank\" rel=\"noreferrer noopener\"> actualidadvalencia.com <\/a>(el &#8220;<strong>Web<\/strong>&#8220;) seran incorporades a un fitxer titularitat de <strong>actualidadvalencia.com<\/strong> amb la finalitat de gestionar els registres dels usuaris, les seves corresponents sol\u00b7licituds d&#8217;informaci\u00f3 i, si s&#8217;escau, la realitzaci\u00f3 d&#8217;enquestes, la coordinaci\u00f3 de processos de selecci\u00f3, l&#8217;enviament de comunicacions comercials per via&nbsp;electr\u00f2nica.&nbsp;<\/p>\n\n\n\n<p><br>L&#8217;acceptaci\u00f3 per rebre informaci\u00f3 comercial sempre t\u00e9 car\u00e0cter revocable, sense efectes retroactius, sent necessari a l&#8217;efecte que ho comuniqui a <strong>actualidadvalencia.com<\/strong> mitjan\u00e7ant un correu electr\u00f2nic a contacte@actualidadvalencia.com<br><br>Ser\u00e0 necessari que, en els formularis del Web, l&#8217;usuari ompli els camps assenyalats com a &#8220;obligatoris&#8221;. El no-emplenament o emplenament parcial de les dades personals requerides podria suposar que <strong>actualidadvalencia.com<\/strong> no pogu\u00e9s atendre la seva sol\u00b7licitud i, en conseq\u00fc\u00e8ncia, <strong>actualidadvalencia.com<\/strong> quedar\u00e0 exonerada de tota responsabilitat per la no-prestaci\u00f3 o prestaci\u00f3 incompleta dels serveis sol\u00b7licitats.&nbsp;<br><br>Li preguem que ens comuniqui les seves dades personals actuals per tal que la informaci\u00f3 continguda en els nostres fitxers estigui actualitzada i sense errors. Vost\u00e8 respondr\u00e0, en qualsevol cas, de la veracitat de les dades facilitades.<br><br><strong>actualidadvalencia.com<\/strong> t\u00e9 implantades les mesures de seguretat de tipus t\u00e8cnic i organitzatives necess\u00e0ries que garanteixen la seguretat de les seves dades de car\u00e0cter personal i n&#8217;eviten l&#8217;alteraci\u00f3, p\u00e8rdua, tractament i\/o acc\u00e9s no autoritzat, tenint en compte l&#8217;estat de la tecnologia, la naturalesa de les dades emmagatzemades i els riscos a qu\u00e8 estan exposats, ja provinguin de l&#8217;acci\u00f3 humana o del medi f\u00edsic o natural, tot aix\u00f2 de conformitat amb el que preveu la normativa vigent.<br><br>L&#8217;usuari podr\u00e0 exercir els seus drets d&#8217;acc\u00e9s, rectificaci\u00f3, cancel\u00b7laci\u00f3 i oposici\u00f3 al tractament de les seves dades personals en el domicili social de <strong>actualidadvalencia.com<\/strong> en els termes establerts a la legislaci\u00f3 vigent. Per a la seva major comoditat, i sense perjudici que s&#8217;hagin de complir amb determinats requisits formals establerts a la normativa vigent, <strong>actualidadvalencia.com<\/strong> li ofereix la possibilitat de sol\u00b7licitar l&#8217;exercici dels drets referits anteriorment a trav\u00e9s del correu electr\u00f2nic contacte@actualidadvalencia.com.<br><br><strong>Cookies<\/strong><br><br>Les cookies constitueixen una eina empleada pels servidors web per emmagatzemar i recuperar informaci\u00f3 relativa als usuaris. S\u00f3n petits arxius de text que les p\u00e0gines web envien al navegador i que s&#8217;emmagatzemen al terminal de l&#8217;usuari, ja sigui un ordinador, un tel\u00e8fon m\u00f2bil o una tauleta. Aquesta informaci\u00f3 permet recuperar informaci\u00f3 com, per exemple, el seu usuari registrat, dades de connexi\u00f3 a les xarxes socials o de prefer\u00e8ncies de navegaci\u00f3. Aquestes dades s\u00f3n emmagatzemades per a ser recordades quan l&#8217;usuari visita de nou la p\u00e0gina web.<br><br>Mitjan\u00e7ant l&#8217;acc\u00e9s i \u00fas del Web, l&#8217;usuari accepta que el web fa servir les cookies que detallem a continuaci\u00f3:<br><br><em>Cookies pr\u00f2pies<\/em><\/p>\n\n\n\n<figure class=\"wp-block-table\"><table><tbody><tr><td>TIPUS<\/td><td>FINALITAT<\/td><td>NOM<\/td><\/tr><tr><td>Cookies de control de sessi\u00f3<\/td><td>Controlar la sessi\u00f3 de l&#8217;usuari<\/td><td>PHPSESSID<\/td><\/tr><\/tbody><\/table><\/figure>\n\n\n\n<p><br><br><strong>Cookies de tercers<\/strong><\/p>\n\n\n\n<figure class=\"wp-block-table\"><table><tbody><tr><td>TIPUS<\/td><td>ENTITAT<\/td><td>FINALITAT<\/td><td>INFORMACI\u00d3 \/ NOM<\/td><\/tr><tr><td><br>OAID<\/td><td>Open X<\/td><td>Les cookies que acompanyen els anuncis permeten monitoritzar l&#8217;efic\u00e0cia dels anuncis (amb l&#8217;\u00fas de cookies es pot tenir informaci\u00f3 estad\u00edstica) i poder personalitzar informaci\u00f3 d&#8217;inter\u00e8s de l&#8217;usuari (si vost\u00e8 \u00e9s de fora de Catalunya, es pot tenir anuncis del pa\u00eds local, etc.).<\/td><td><a href=\"https:\/\/www.openx.com\/product\/ad-server\/\" target=\"_blank\" rel=\"noreferrer noopener\">http:\/\/openx.com\/product\/<br>ad-server\/<\/a><\/td><\/tr><tr><td>_utma<br>_utmb<br>_utmc<br>_utmz<\/td><td>Google Analytics<\/td><td>Navegaci\u00f3 de forma an\u00f2nima que permet saber qu\u00e8 es consulta i com es navega. Google Analytics, un servei gratu\u00eft d&#8217;estad\u00edstiques de p\u00e0gines web que ofereix Google, Inc. Google Analytics recull informaci\u00f3 de l&#8217;equip de l&#8217;usuari per avaluar l&#8217;\u00fas de l&#8217;aplicaci\u00f3 News App i compilar informes sobre l&#8217;activitat de l&#8217;aplicaci\u00f3<\/td><td><a href=\"https:\/\/www.google.com\/intl\/ca\/policies\/privacy\/\" target=\"_blank\" rel=\"noreferrer noopener\">http:\/\/www.google.com\/intl\/<br>ca\/policies\/privacy\/<\/a><br><br><a href=\"https:\/\/www.google.com\/intl\/%20en\/privacypolicy.html\" target=\"_blank\" rel=\"noreferrer noopener\">http:\/\/www.google.com\/intl\/<br>en\/privacypolicy.html<\/a><br>&nbsp;<\/td><\/tr><tr><td>Google Maps<\/td><td>Google<\/td><td>Cookie de localizaci\u00f3<\/td><td><a href=\"https:\/\/www.google.com\/po%20licies\/technologies\/cookies\/\" target=\"_blank\" rel=\"noreferrer noopener\">http:\/\/www.google.com\/po<br>licies\/technologies\/cookies\/<\/a><\/td><\/tr><\/tbody><\/table><\/figure>\n\n\n\n<p><br><br><strong>Cookies inserides per altres canals<\/strong><\/p>\n\n\n\n<figure class=\"wp-block-table\"><table><tbody><tr><td>ENTITAT<\/td><td>FINALITAT<\/td><td>INFORMACI\u00d3<\/td><\/tr><tr><td>Twitter<\/td><td>Visitant<\/td><td><a href=\"https:\/\/twitter.com\/privacy\" target=\"_blank\" rel=\"noreferrer noopener\">https:\/\/twitter.com\/privacy<\/a><\/td><\/tr><tr><td>Facebook<\/td><td>Visitant<\/td><td><a href=\"https:\/\/www.facebook.com\/help\/cookies\" target=\"_blank\" rel=\"noreferrer noopener\">https:\/\/www.facebook.com\/help\/<wbr>cookies<\/a><\/td><\/tr><tr><td>Youtube<\/td><td>Visitant<\/td><td><a href=\"https:\/\/www.google.es\/intl\/es\/policies\/technologies\/cookies\/\" target=\"_blank\" rel=\"noreferrer noopener\">http:\/\/www.google.es\/intl\/es\/<wbr>policies\/technologies\/<br>cookies\/<\/a><\/td><\/tr><\/tbody><\/table><\/figure>\n\n\n\n<p><br><br>L&#8217;usuari pot bloquejar o deshabilitar la instal\u00b7laci\u00f3 de cookies a trav\u00e9s de la configuraci\u00f3 del seu navegador, cosa que li ofereix un control m\u00e9s prec\u00eds de la seva privacitat, podent inhabilitar les cookies de tots els lloc web que no siguin de la seva confian\u00e7a, segons el tipus de navegador.<br><br>Els procediments per al bloqueig i eliminaci\u00f3 de les cookies poden diferir d&#8217;un navegador d&#8217;Internet a un altre, per la qual cosa haur\u00e0 d&#8217;adre\u00e7ar-se a les instruccions facilitades pel navegador d&#8217;Internet, com aquests que es detallen a continuaci\u00f3:&nbsp;<br><br><a href=\"https:\/\/support.google.com\/chrome\/answer\/95647?hl=es\" target=\"_blank\" rel=\"noreferrer noopener\">Configuraci\u00f3 de cookies de Google Chrome<\/a><br><a href=\"https:\/\/support.mozilla.org\/es\/kb\/habilitar-y-deshabilitar-cookies-que-los-sitios-we\" target=\"_blank\" rel=\"noreferrer noopener\">Configuraci\u00f3 de cookies de Mozilla Firefox<\/a><br><a href=\"http:\/\/windows.microsoft.com\/es-es\/windows-vista\/block-or-allow-cookies\" target=\"_blank\" rel=\"noreferrer noopener\">Configuraci\u00f3 de cookies d&#8217;Internet Explorer<\/a><br><a href=\"https:\/\/support.apple.com\/kb\/ph5042?viewlocale=es_es\" target=\"_blank\" rel=\"noreferrer noopener\">Configuraci\u00f3 de cookies de Safari<\/a><br><br>Els navegadors estan sotmesos a actualitzacions o modificacions, de manera que no podem garantir que s&#8217;ajustin completament a la versi\u00f3 del seu navegador.&nbsp;<br><br>En cas que l&#8217;usuari desitgi rebutjar la utilitzaci\u00f3 de cookies, pot tenir limitat l&#8217;\u00fas d&#8217;algunes prestacions del Web. Si l&#8217;usuari continua navegant pel Web sense denegar la seva autoritzaci\u00f3 implica que accepta el seu \u00fas per part de <strong>actualidadvalencia.com<\/strong>.&nbsp;<br><br>Per a qualsevol q\u00fcesti\u00f3 addicional relacionada amb l&#8217;\u00fas de cookies, pot enviar la seva petici\u00f3 mitjan\u00e7ant un correu electr\u00f2nic a&nbsp;in contacte@actualidadvalencia.com<\/p>\n","protected":false},"excerpt":{"rendered":"<p>En compliment del que preveu la normativa vigent de protecci\u00f3 de dades personals, GRUPO CALAFORRA MEDIA SLU, amb domicili a c\/ Ruiz Zorrilla 2 (12001)&nbsp;&nbsp; (&#8220;actualidadvalencia.com&#8220;) li informa que les dades de car\u00e0cter personal que ens proporcioni, o a les que actualidadvalencia.com accedeixi com a conseq\u00fc\u00e8ncia de la seva navegaci\u00f3 a trav\u00e9s de la p\u00e0gina [&hellip;]<\/p>\n","protected":false},"author":1,"featured_media":0,"parent":0,"menu_order":0,"comment_status":"closed","ping_status":"open","template":"","meta":{"footnotes":""},"class_list":["post-3","page","type-page","status-publish"],"yoast_head":"<!-- This site is optimized with the Yoast SEO plugin v27.3 - https:\/\/yoast.com\/product\/yoast-seo-wordpress\/ -->\n<title>Pol\u00edtica de privacitat<\/title>\n<meta name=\"description\" content=\"En compliment del que preveu la normativa vigent de protecci\u00f3 de dades personals, GRUPO CALAFORRA MEDIA SLU, amb domicili a c\/ Ruiz Zorrilla 2\" \/>\n<meta name=\"robots\" content=\"index, follow, max-snippet:-1, max-image-preview:large, max-video-preview:-1\" \/>\n<link rel=\"canonical\" href=\"https:\/\/actualidadvalencia.com\/passejantvalencia\/privacitat\/\" \/>\n<meta property=\"og:locale\" content=\"ca_ES\" \/>\n<meta property=\"og:type\" content=\"article\" \/>\n<meta property=\"og:title\" content=\"Pol\u00edtica de privacitat\" \/>\n<meta property=\"og:description\" content=\"En compliment del que preveu la normativa vigent de protecci\u00f3 de dades personals, GRUPO CALAFORRA MEDIA SLU, amb domicili a c\/ Ruiz Zorrilla 2\" \/>\n<meta property=\"og:url\" content=\"https:\/\/actualidadvalencia.com\/passejantvalencia\/privacitat\/\" \/>\n<meta property=\"og:site_name\" content=\"Passejant Valencia\" \/>\n<meta property=\"article:publisher\" content=\"https:\/\/www.facebook.com\/passejantvalencia\" \/>\n<meta property=\"article:modified_time\" content=\"2022-07-29T09:12:14+00:00\" \/>\n<meta property=\"og:image\" content=\"https:\/\/actualidadvalencia.com\/passejantvalencia\/wp-content\/uploads\/2018\/05\/Fondo-facebook.png\" \/>\n\t<meta property=\"og:image:width\" content=\"1024\" \/>\n\t<meta property=\"og:image:height\" content=\"539\" \/>\n\t<meta property=\"og:image:type\" content=\"image\/png\" \/>\n<meta name=\"twitter:card\" content=\"summary_large_image\" \/>\n<meta name=\"twitter:site\" content=\"@PassejantV\" \/>\n<meta name=\"twitter:label1\" content=\"Temps estimat de lectura\" \/>\n\t<meta name=\"twitter:data1\" content=\"5 minuts\" \/>\n<script type=\"application\/ld+json\" class=\"yoast-schema-graph\">{\"@context\":\"https:\\\/\\\/schema.org\",\"@graph\":[{\"@type\":\"ScholarlyArticle\",\"@id\":\"https:\\\/\\\/actualidadvalencia.com\\\/passejantvalencia\\\/privacitat\\\/#article\",\"isPartOf\":{\"@id\":\"https:\\\/\\\/actualidadvalencia.com\\\/passejantvalencia\\\/privacitat\\\/\"},\"author\":{\"name\":\"santiagocalaforra\",\"@id\":\"https:\\\/\\\/actualidadvalencia.com\\\/passejantvalencia\\\/#\\\/schema\\\/person\\\/52928b044e456b9879faa67fa52a88d1\"},\"headline\":\"Pol\u00edtica de privacitat\",\"datePublished\":\"2022-01-11T09:13:23+00:00\",\"dateModified\":\"2022-07-29T09:12:14+00:00\",\"mainEntityOfPage\":{\"@id\":\"https:\\\/\\\/actualidadvalencia.com\\\/passejantvalencia\\\/privacitat\\\/\"},\"wordCount\":981,\"publisher\":{\"@id\":\"https:\\\/\\\/actualidadvalencia.com\\\/passejantvalencia\\\/#organization\"},\"inLanguage\":\"ca\"},{\"@type\":\"WebPage\",\"@id\":\"https:\\\/\\\/actualidadvalencia.com\\\/passejantvalencia\\\/privacitat\\\/\",\"url\":\"https:\\\/\\\/actualidadvalencia.com\\\/passejantvalencia\\\/privacitat\\\/\",\"name\":\"Pol\u00edtica de privacitat\",\"isPartOf\":{\"@id\":\"https:\\\/\\\/actualidadvalencia.com\\\/passejantvalencia\\\/#website\"},\"datePublished\":\"2022-01-11T09:13:23+00:00\",\"dateModified\":\"2022-07-29T09:12:14+00:00\",\"description\":\"En compliment del que preveu la normativa vigent de protecci\u00f3 de dades personals, GRUPO CALAFORRA MEDIA SLU, amb domicili a c\\\/ Ruiz Zorrilla 2\",\"breadcrumb\":{\"@id\":\"https:\\\/\\\/actualidadvalencia.com\\\/passejantvalencia\\\/privacitat\\\/#breadcrumb\"},\"inLanguage\":\"ca\",\"potentialAction\":[{\"@type\":\"ReadAction\",\"target\":[\"https:\\\/\\\/actualidadvalencia.com\\\/passejantvalencia\\\/privacitat\\\/\"]}]},{\"@type\":\"BreadcrumbList\",\"@id\":\"https:\\\/\\\/actualidadvalencia.com\\\/passejantvalencia\\\/privacitat\\\/#breadcrumb\",\"itemListElement\":[{\"@type\":\"ListItem\",\"position\":1,\"name\":\"Inici\",\"item\":\"https:\\\/\\\/actualidadvalencia.com\\\/passejantvalencia\\\/\"},{\"@type\":\"ListItem\",\"position\":2,\"name\":\"Pol\u00edtica de privacitat\"}]},{\"@type\":\"WebSite\",\"@id\":\"https:\\\/\\\/actualidadvalencia.com\\\/passejantvalencia\\\/#website\",\"url\":\"https:\\\/\\\/actualidadvalencia.com\\\/passejantvalencia\\\/\",\"name\":\"Passejant Valencia\",\"description\":\"M\u00e9s de dos mil\u00b7lennis d&#039;hist\u00f2ria de Val\u00e8ncia, explicats en curts apunts de manera amable per a gent curiosa\",\"publisher\":{\"@id\":\"https:\\\/\\\/actualidadvalencia.com\\\/passejantvalencia\\\/#organization\"},\"alternateName\":\"Una mirada per la Val\u00e8ncia antiga\",\"potentialAction\":[{\"@type\":\"SearchAction\",\"target\":{\"@type\":\"EntryPoint\",\"urlTemplate\":\"https:\\\/\\\/actualidadvalencia.com\\\/passejantvalencia\\\/?s={search_term_string}\"},\"query-input\":{\"@type\":\"PropertyValueSpecification\",\"valueRequired\":true,\"valueName\":\"search_term_string\"}}],\"inLanguage\":\"ca\"},{\"@type\":\"Organization\",\"@id\":\"https:\\\/\\\/actualidadvalencia.com\\\/passejantvalencia\\\/#organization\",\"name\":\"Passejant Val\u00e8ncia amb ulls curiosos\",\"url\":\"https:\\\/\\\/actualidadvalencia.com\\\/passejantvalencia\\\/\",\"logo\":{\"@type\":\"ImageObject\",\"inLanguage\":\"ca\",\"@id\":\"https:\\\/\\\/actualidadvalencia.com\\\/passejantvalencia\\\/#\\\/schema\\\/logo\\\/image\\\/\",\"url\":\"https:\\\/\\\/actualidadvalencia.com\\\/passejantvalencia\\\/wp-content\\\/uploads\\\/2018\\\/05\\\/Fondo-facebook.png\",\"contentUrl\":\"https:\\\/\\\/actualidadvalencia.com\\\/passejantvalencia\\\/wp-content\\\/uploads\\\/2018\\\/05\\\/Fondo-facebook.png\",\"width\":1024,\"height\":539,\"caption\":\"Passejant Val\u00e8ncia amb ulls curiosos\"},\"image\":{\"@id\":\"https:\\\/\\\/actualidadvalencia.com\\\/passejantvalencia\\\/#\\\/schema\\\/logo\\\/image\\\/\"},\"sameAs\":[\"https:\\\/\\\/www.facebook.com\\\/passejantvalencia\",\"https:\\\/\\\/x.com\\\/PassejantV\"]},{\"@type\":\"Person\",\"@id\":\"https:\\\/\\\/actualidadvalencia.com\\\/passejantvalencia\\\/#\\\/schema\\\/person\\\/52928b044e456b9879faa67fa52a88d1\",\"name\":\"santiagocalaforra\",\"image\":{\"@type\":\"ImageObject\",\"inLanguage\":\"ca\",\"@id\":\"https:\\\/\\\/secure.gravatar.com\\\/avatar\\\/67a6c6c027b3e410b781882863f3c496310e853f9268758d826cbfcf4b8ba1b1?s=96&d=mm&r=g\",\"url\":\"https:\\\/\\\/secure.gravatar.com\\\/avatar\\\/67a6c6c027b3e410b781882863f3c496310e853f9268758d826cbfcf4b8ba1b1?s=96&d=mm&r=g\",\"contentUrl\":\"https:\\\/\\\/secure.gravatar.com\\\/avatar\\\/67a6c6c027b3e410b781882863f3c496310e853f9268758d826cbfcf4b8ba1b1?s=96&d=mm&r=g\",\"caption\":\"santiagocalaforra\"},\"sameAs\":[\"https:\\\/\\\/actualidadvalencia.com\\\/passejant\"]}]}<\/script>\n<!-- \/ Yoast SEO plugin. -->","yoast_head_json":{"title":"Pol\u00edtica de privacitat","description":"En compliment del que preveu la normativa vigent de protecci\u00f3 de dades personals, GRUPO CALAFORRA MEDIA SLU, amb domicili a c\/ Ruiz Zorrilla 2","robots":{"index":"index","follow":"follow","max-snippet":"max-snippet:-1","max-image-preview":"max-image-preview:large","max-video-preview":"max-video-preview:-1"},"canonical":"https:\/\/actualidadvalencia.com\/passejantvalencia\/privacitat\/","og_locale":"ca_ES","og_type":"article","og_title":"Pol\u00edtica de privacitat","og_description":"En compliment del que preveu la normativa vigent de protecci\u00f3 de dades personals, GRUPO CALAFORRA MEDIA SLU, amb domicili a c\/ Ruiz Zorrilla 2","og_url":"https:\/\/actualidadvalencia.com\/passejantvalencia\/privacitat\/","og_site_name":"Passejant Valencia","article_publisher":"https:\/\/www.facebook.com\/passejantvalencia","article_modified_time":"2022-07-29T09:12:14+00:00","og_image":[{"width":1024,"height":539,"url":"https:\/\/actualidadvalencia.com\/passejantvalencia\/wp-content\/uploads\/2018\/05\/Fondo-facebook.png","type":"image\/png"}],"twitter_card":"summary_large_image","twitter_site":"@PassejantV","twitter_misc":{"Temps estimat de lectura":"5 minuts"},"schema":{"@context":"https:\/\/schema.org","@graph":[{"@type":"ScholarlyArticle","@id":"https:\/\/actualidadvalencia.com\/passejantvalencia\/privacitat\/#article","isPartOf":{"@id":"https:\/\/actualidadvalencia.com\/passejantvalencia\/privacitat\/"},"author":{"name":"santiagocalaforra","@id":"https:\/\/actualidadvalencia.com\/passejantvalencia\/#\/schema\/person\/52928b044e456b9879faa67fa52a88d1"},"headline":"Pol\u00edtica de privacitat","datePublished":"2022-01-11T09:13:23+00:00","dateModified":"2022-07-29T09:12:14+00:00","mainEntityOfPage":{"@id":"https:\/\/actualidadvalencia.com\/passejantvalencia\/privacitat\/"},"wordCount":981,"publisher":{"@id":"https:\/\/actualidadvalencia.com\/passejantvalencia\/#organization"},"inLanguage":"ca"},{"@type":"WebPage","@id":"https:\/\/actualidadvalencia.com\/passejantvalencia\/privacitat\/","url":"https:\/\/actualidadvalencia.com\/passejantvalencia\/privacitat\/","name":"Pol\u00edtica de privacitat","isPartOf":{"@id":"https:\/\/actualidadvalencia.com\/passejantvalencia\/#website"},"datePublished":"2022-01-11T09:13:23+00:00","dateModified":"2022-07-29T09:12:14+00:00","description":"En compliment del que preveu la normativa vigent de protecci\u00f3 de dades personals, GRUPO CALAFORRA MEDIA SLU, amb domicili a c\/ Ruiz Zorrilla 2","breadcrumb":{"@id":"https:\/\/actualidadvalencia.com\/passejantvalencia\/privacitat\/#breadcrumb"},"inLanguage":"ca","potentialAction":[{"@type":"ReadAction","target":["https:\/\/actualidadvalencia.com\/passejantvalencia\/privacitat\/"]}]},{"@type":"BreadcrumbList","@id":"https:\/\/actualidadvalencia.com\/passejantvalencia\/privacitat\/#breadcrumb","itemListElement":[{"@type":"ListItem","position":1,"name":"Inici","item":"https:\/\/actualidadvalencia.com\/passejantvalencia\/"},{"@type":"ListItem","position":2,"name":"Pol\u00edtica de privacitat"}]},{"@type":"WebSite","@id":"https:\/\/actualidadvalencia.com\/passejantvalencia\/#website","url":"https:\/\/actualidadvalencia.com\/passejantvalencia\/","name":"Passejant Valencia","description":"M\u00e9s de dos mil\u00b7lennis d&#039;hist\u00f2ria de Val\u00e8ncia, explicats en curts apunts de manera amable per a gent curiosa","publisher":{"@id":"https:\/\/actualidadvalencia.com\/passejantvalencia\/#organization"},"alternateName":"Una mirada per la Val\u00e8ncia antiga","potentialAction":[{"@type":"SearchAction","target":{"@type":"EntryPoint","urlTemplate":"https:\/\/actualidadvalencia.com\/passejantvalencia\/?s={search_term_string}"},"query-input":{"@type":"PropertyValueSpecification","valueRequired":true,"valueName":"search_term_string"}}],"inLanguage":"ca"},{"@type":"Organization","@id":"https:\/\/actualidadvalencia.com\/passejantvalencia\/#organization","name":"Passejant Val\u00e8ncia amb ulls curiosos","url":"https:\/\/actualidadvalencia.com\/passejantvalencia\/","logo":{"@type":"ImageObject","inLanguage":"ca","@id":"https:\/\/actualidadvalencia.com\/passejantvalencia\/#\/schema\/logo\/image\/","url":"https:\/\/actualidadvalencia.com\/passejantvalencia\/wp-content\/uploads\/2018\/05\/Fondo-facebook.png","contentUrl":"https:\/\/actualidadvalencia.com\/passejantvalencia\/wp-content\/uploads\/2018\/05\/Fondo-facebook.png","width":1024,"height":539,"caption":"Passejant Val\u00e8ncia amb ulls curiosos"},"image":{"@id":"https:\/\/actualidadvalencia.com\/passejantvalencia\/#\/schema\/logo\/image\/"},"sameAs":["https:\/\/www.facebook.com\/passejantvalencia","https:\/\/x.com\/PassejantV"]},{"@type":"Person","@id":"https:\/\/actualidadvalencia.com\/passejantvalencia\/#\/schema\/person\/52928b044e456b9879faa67fa52a88d1","name":"santiagocalaforra","image":{"@type":"ImageObject","inLanguage":"ca","@id":"https:\/\/secure.gravatar.com\/avatar\/67a6c6c027b3e410b781882863f3c496310e853f9268758d826cbfcf4b8ba1b1?s=96&d=mm&r=g","url":"https:\/\/secure.gravatar.com\/avatar\/67a6c6c027b3e410b781882863f3c496310e853f9268758d826cbfcf4b8ba1b1?s=96&d=mm&r=g","contentUrl":"https:\/\/secure.gravatar.com\/avatar\/67a6c6c027b3e410b781882863f3c496310e853f9268758d826cbfcf4b8ba1b1?s=96&d=mm&r=g","caption":"santiagocalaforra"},"sameAs":["https:\/\/actualidadvalencia.com\/passejant"]}]}},"_links":{"self":[{"href":"https:\/\/actualidadvalencia.com\/passejantvalencia\/wp-json\/wp\/v2\/pages\/3","targetHints":{"allow":["GET"]}}],"collection":[{"href":"https:\/\/actualidadvalencia.com\/passejantvalencia\/wp-json\/wp\/v2\/pages"}],"about":[{"href":"https:\/\/actualidadvalencia.com\/passejantvalencia\/wp-json\/wp\/v2\/types\/page"}],"author":[{"embeddable":true,"href":"https:\/\/actualidadvalencia.com\/passejantvalencia\/wp-json\/wp\/v2\/users\/1"}],"replies":[{"embeddable":true,"href":"https:\/\/actualidadvalencia.com\/passejantvalencia\/wp-json\/wp\/v2\/comments?post=3"}],"version-history":[{"count":2,"href":"https:\/\/actualidadvalencia.com\/passejantvalencia\/wp-json\/wp\/v2\/pages\/3\/revisions"}],"predecessor-version":[{"id":187160,"href":"https:\/\/actualidadvalencia.com\/passejantvalencia\/wp-json\/wp\/v2\/pages\/3\/revisions\/187160"}],"wp:attachment":[{"href":"https:\/\/actualidadvalencia.com\/passejantvalencia\/wp-json\/wp\/v2\/media?parent=3"}],"curies":[{"name":"wp","href":"https:\/\/api.w.org\/{rel}","templated":true}]}}